{"id":61,"date":"2014-11-18T10:52:38","date_gmt":"2014-11-18T09:52:38","guid":{"rendered":"http:\/\/www.traummaschinen.de\/?page_id=61"},"modified":"2022-01-13T10:18:23","modified_gmt":"2022-01-13T09:18:23","slug":"aplikuj-teraz","status":"publish","type":"page","link":"https:\/\/eurotext.jobs\/pl\/aplikuj-teraz\/","title":{"rendered":"Aplikuj teraz!"},"content":{"rendered":"<div class=\"parallax-container\" data-parallax=\"scroll\" data-bleed=\"10\" data-image-src=\"https:\/\/eurotext.jobs\/wp-content\/uploads\/sites\/5\/2021\/04\/Banner_Wuerzburg_01_g1.jpg\"> <div class=\"parallax-window\"> <div class=\"parallax-slider parallax-banner__content\" style=\"\"><h1 class='parallax-banner__headline hasBgColor' style=\"background-color:#000;box-shadow: 0 0 0 0.45em #000;\">Aplikuj teraz!<\/h1><p class=\"parallax-banner__text\"><\/p><\/div> <\/div> <\/div>\n<div class='content-column content-column-row '><\/p>\n<div class='content-column full_width'>\n<p>Przyjmujemy niezobowi\u0105zuj\u0105ce aplikacje od freelancer\u00f3w przez nasz portal zarz\u0105dzania t\u0142umaczeniami.<\/p>\n<p>W\u00a0odpowiedzi prze\u015blemy link <strong>do uzupe\u0142nienia swojego profilu<\/strong>. Warto mie\u0107 pod r\u0119k\u0105 swoje CV oraz inne dokumenty \u2013 na przyk\u0142ad dyplomy i\u00a0certyfikaty \u2013 aby m\u00f3c do\u0142\u0105czy\u0107 je do aplikacji.<\/p>\n<p>\r\n\r\n<form accept-charset=\"utf-8\" action=\"https:\/\/login.eurotext.de\/registrationpost?registrationtype=2\" method=\"post\" name=\"form1\">\r\n<table>\r\n<tbody>\r\n<tr>\r\n<td>Zwrot grzeczno\u015bciowy:<\/td>\r\n<td><select style=\"width: 100%;\" name=\"typeaddress\" size=\"1\">\r\n<option value=\"0\"><\/option>\r\n<option value=\"1\">Pan<\/option>\r\n<option value=\"2\">Pani<\/option>\r\n<option value=\"3\">Firma<\/option>\r\n<\/select><\/td>\r\n<\/tr>\r\n<tr>\r\n<td><b>Nazwisko*\/ Nazwa firmy: <\/b><\/td>\r\n<td><input name=\"resourcename\" type=\"text\" \/><\/td>\r\n<\/tr>\r\n<tr>\r\n<td>Imi\u0119:<\/td>\r\n<td><input name=\"resourcename2\" type=\"text\" \/><\/td>\r\n<\/tr>\r\n<tr>\r\n<td>Telefon:<\/td>\r\n<td><input name=\"phone\" type=\"text\" \/><\/td>\r\n<\/tr>\r\n<tr>\r\n<td><b>E-mail*<\/b>:<\/td>\r\n<td><input name=\"email\" type=\"text\" \/><\/td>\r\n<\/tr>\r\n<tr>\r\n<td>Ulica:<\/td>\r\n<td><input name=\"street\" type=\"text\" \/><\/td>\r\n<\/tr>\r\n<tr>\r\n<td>Kod pocztowy:<\/td>\r\n<td><input name=\"zip\" type=\"text\" \/><\/td>\r\n<\/tr>\r\n<tr>\r\n<td>Miasto:<\/td>\r\n<td><input name=\"city\" type=\"text\" \/><\/td>\r\n<\/tr>\r\n<tr>\r\n<td>Wojew\u00f3dztwo:<\/td>\r\n<td><input name=\"state\" type=\"text\" \/><\/td>\r\n<\/tr>\r\n<tr>\r\n<td>Kraj:<\/td>\r\n<td><select style=\"width: 100%;\" name=\"country\" size=\"1\">\r\n<option value=\"\"><\/option>\r\n<option value=\"1\">Afganistan<\/option>\r\n<option value=\"3\">Albania<\/option>\r\n<option value=\"4\">Algieria<\/option>\r\n<option value=\"5\">Andora<\/option>\r\n<option value=\"6\">Angola<\/option>\r\n<option value=\"7\">Antigua i\u00a0Barbuda<\/option>\r\n<option value=\"9\">Argentyna<\/option>\r\n<option value=\"10\">Armenia<\/option>\r\n<option value=\"13\">Australia<\/option>\r\n<option value=\"131\">Austria<\/option>\r\n<option value=\"11\">Azerbejd\u017can<\/option>\r\n<option value=\"14\">Bahamy<\/option>\r\n<option value=\"15\">Bahrajn<\/option>\r\n<option value=\"16\">Bangladesz<\/option>\r\n<option value=\"17\">Barbados<\/option>\r\n<option value=\"195\">Bia\u0142oru\u015b<\/option>\r\n<option value=\"19\">Belgia<\/option>\r\n<option value=\"20\">Belize<\/option>\r\n<option value=\"21\">Benin<\/option>\r\n<option value=\"22\">Bhutan<\/option>\r\n<option value=\"23\">Boliwia<\/option>\r\n<option value=\"24\">Bo\u015bnia i Hercegowina<\/option>\r\n<option value=\"25\">Botswana<\/option>\r\n<option value=\"26\">Brazylia<\/option>\r\n<option value=\"27\">Brunei Darussalam<\/option>\r\n<option value=\"28\">Bu\u0142garia<\/option>\r\n<option value=\"29\">Burkina Faso<\/option>\r\n<option value=\"30\">Burundi<\/option>\r\n<option value=\"74\">Kambod\u017ca<\/option>\r\n<option value=\"75\">Kamerun<\/option>\r\n<option value=\"76\">Kanada<\/option>\r\n<option value=\"77\">Wyspy Zielonego Przyl\u0105dka<\/option>\r\n<option value=\"196\">Republika \u015arodkowoafryka\u0144ska<\/option>\r\n<option value=\"177\">Czad<\/option>\r\n<option value=\"31\">Chile<\/option>\r\n<option value=\"32\">Chiny<\/option>\r\n<option value=\"83\">Kolumbia<\/option>\r\n<option value=\"85\">Kongo<\/option>\r\n<option value=\"86\">Kongo, Demokratyczna Republika Konga<\/option>\r\n<option value=\"33\">Wyspy Cooka<\/option>\r\n<option value=\"34\">Kostaryka<\/option>\r\n<option value=\"35\">Wybrze\u017ce Ko\u015bci S\u0142oniowej<\/option>\r\n<option value=\"89\">Chorwacja<\/option>\r\n<option value=\"90\">Kuba<\/option>\r\n<option value=\"197\">Cypr<\/option>\r\n<option value=\"178\">Czechy<\/option>\r\n<option value=\"36\">Dania<\/option>\r\n<option value=\"40\">D\u017cibuti<\/option>\r\n<option value=\"38\">Dominika<\/option>\r\n<option value=\"39\">Dominikana<\/option>\r\n<option value=\"132\">Timor Wschodni<\/option>\r\n<option value=\"41\">Ekwador<\/option>\r\n<option value=\"2\">Egipt<\/option>\r\n<option value=\"42\">Salwador<\/option>\r\n<option value=\"198\">Anglia<\/option>\r\n<option value=\"8\">Gwinea R\u00f3wnikowa<\/option>\r\n<option value=\"43\">Erytrea<\/option>\r\n<option value=\"44\">Estonia<\/option>\r\n<option value=\"12\">Etiopia<\/option>\r\n<option value=\"45\">Fid\u017ci<\/option>\r\n<option value=\"46\">Finlandia<\/option>\r\n<option value=\"47\">Francja<\/option>\r\n<option value=\"48\">Gabon<\/option>\r\n<option value=\"49\">Gambia<\/option>\r\n<option value=\"50\">Gruzja<\/option>\r\n<option value=\"37\">Niemcy<\/option>\r\n<option value=\"51\">Ghana<\/option>\r\n<option value=\"53\">Grecja<\/option>\r\n<option value=\"52\">Grenada<\/option>\r\n<option value=\"54\">Gwatemala<\/option>\r\n<option value=\"55\">Gwinea<\/option>\r\n<option value=\"56\">Gwinea Bissau<\/option>\r\n<option value=\"57\">Gujana<\/option>\r\n<option value=\"58\">Haiti<\/option>\r\n<option value=\"59\">Watykan<\/option>\r\n<option value=\"60\">Honduras<\/option>\r\n<option value=\"185\">W\u0119gry<\/option>\r\n<option value=\"66\">Islandia<\/option>\r\n<option value=\"61\">Indie<\/option>\r\n<option value=\"62\">Indonezja<\/option>\r\n<option value=\"64\">Iran<\/option>\r\n<option value=\"63\">Irak<\/option>\r\n<option value=\"65\">Irlandia<\/option>\r\n<option value=\"67\">Izrael<\/option>\r\n<option value=\"68\">W\u0142ochy<\/option>\r\n<option value=\"98\">D\u017camahirijja<\/option>\r\n<option value=\"69\">Jamajka<\/option>\r\n<option value=\"70\">Japonia<\/option>\r\n<option value=\"72\">Jordania<\/option>\r\n<option value=\"79\">Katar<\/option>\r\n<option value=\"78\">Kazachstan<\/option>\r\n<option value=\"80\">Kenia<\/option>\r\n<option value=\"82\">Kiribati<\/option>\r\n<option value=\"84\">Komory<\/option>\r\n<option value=\"87\">Korea P\u00f3\u0142nocna<\/option>\r\n<option value=\"88\">Korea Po\u0142udniowa<\/option>\r\n<option value=\"199\">Kosowo<\/option>\r\n<option value=\"91\">Kuwejt<\/option>\r\n<option value=\"81\">Kirgistan<\/option>\r\n<option value=\"92\">Laos<\/option>\r\n<option value=\"94\">\u0141otwa<\/option>\r\n<option value=\"95\">Liban<\/option>\r\n<option value=\"93\">Lesotho<\/option>\r\n<option value=\"96\">Liberia<\/option>\r\n<option value=\"97\">Libia<\/option>\r\n<option value=\"99\">Liechtenstein<\/option>\r\n<option value=\"100\">Litwa<\/option>\r\n<option value=\"101\">Luksemburg<\/option>\r\n<option value=\"112\">Macedonia<\/option>\r\n<option value=\"102\">Madagaskar<\/option>\r\n<option value=\"103\">Malawi<\/option>\r\n<option value=\"104\">Malezja<\/option>\r\n<option value=\"105\">Malediwy<\/option>\r\n<option value=\"106\">Mali<\/option>\r\n<option value=\"107\">Malta<\/option>\r\n<option value=\"109\">Wyspy Marshalla<\/option>\r\n<option value=\"110\">Mauretania<\/option>\r\n<option value=\"111\">Mauritius<\/option>\r\n<option value=\"113\">Meksyk<\/option>\r\n<option value=\"114\">Mikronezja<\/option>\r\n<option value=\"115\">Mo\u0142dawia<\/option>\r\n<option value=\"116\">Monako<\/option>\r\n<option value=\"117\">Mongolia<\/option>\r\n<option value=\"108\">Maroko<\/option>\r\n<option value=\"118\">Mozambik<\/option>\r\n<option value=\"119\">Birma<\/option>\r\n<option value=\"120\">Namibia<\/option>\r\n<option value=\"121\">Nauru<\/option>\r\n<option value=\"122\">Nepal<\/option>\r\n<option value=\"125\">Holandia<\/option>\r\n<option value=\"123\">Nowa Zelandia<\/option>\r\n<option value=\"124\">Nikaragua<\/option>\r\n<option value=\"126\">Niger<\/option>\r\n<option value=\"127\">Nigeria<\/option>\r\n<option value=\"128\">Niue<\/option>\r\n<option value=\"129\">Norwegia<\/option>\r\n<option value=\"130\">Oman<\/option>\r\n<option value=\"133\">Pakistan<\/option>\r\n<option value=\"134\">Palau<\/option>\r\n<option value=\"135\">Panama<\/option>\r\n<option value=\"136\">Papua-Nowa Gwinea<\/option>\r\n<option value=\"137\">Paragwaj<\/option>\r\n<option value=\"138\">Peru<\/option>\r\n<option value=\"139\">Filipiny<\/option>\r\n<option value=\"140\">Polska<\/option>\r\n<option value=\"141\">Portugalia<\/option>\r\n<option value=\"143\">Rumunia<\/option>\r\n<option value=\"144\">Rosja<\/option>\r\n<option value=\"142\">Rwanda<\/option>\r\n<option value=\"163\">Saint Kitts i Nevis<\/option>\r\n<option value=\"164\">Saint Lucia<\/option>\r\n<option value=\"165\">Saint Vincent i Grenadyny<\/option>\r\n<option value=\"147\">Samoa<\/option>\r\n<option value=\"148\">San Marino<\/option>\r\n<option value=\"149\">Wyspy \u015awi\u0119tego Tomasza i Ksi\u0105\u017c\u0119ca<\/option>\r\n<option value=\"150\">Arabia Saudyjska<\/option>\r\n<option value=\"153\">Senegal<\/option>\r\n<option value=\"73\">Serbia<\/option>\r\n<option value=\"154\">Seszele<\/option>\r\n<option value=\"155\">Sierra Leone<\/option>\r\n<option value=\"157\">Singapur<\/option>\r\n<option value=\"158\">S\u0142owacja<\/option>\r\n<option value=\"159\">S\u0142owenia<\/option>\r\n<option value=\"145\">Wyspy Salomona<\/option>\r\n<option value=\"160\">Somalia<\/option>\r\n<option value=\"166\">Republika Po\u0142udniowej Afryki<\/option>\r\n<option value=\"161\">Hiszpania<\/option>\r\n<option value=\"162\">Sri Lanka<\/option>\r\n<option value=\"167\">Sudan<\/option>\r\n<option value=\"168\">Surinam<\/option>\r\n<option value=\"169\">Suazi<\/option>\r\n<option value=\"151\">Szwecja<\/option>\r\n<option value=\"152\">Szwajcaria<\/option>\r\n<option value=\"170\">Syria<\/option>\r\n<option value=\"171\">Tad\u017cykistan<\/option>\r\n<option value=\"172\">Tanzania<\/option>\r\n<option value=\"173\">Tajlandia<\/option>\r\n<option value=\"174\">Togo<\/option>\r\n<option value=\"175\">Tonga<\/option>\r\n<option value=\"176\">Trynidad i Tobago<\/option>\r\n<option value=\"179\">Tunezja<\/option>\r\n<option value=\"180\">Turcja<\/option>\r\n<option value=\"181\">Turkmenistan<\/option>\r\n<option value=\"182\">Tuvalu<\/option>\r\n<option value=\"192\">USA<\/option>\r\n<option value=\"183\">Uganda<\/option>\r\n<option value=\"184\">Ukraina<\/option>\r\n<option value=\"191\">Zjednoczone Emiraty Arabskie<\/option>\r\n<option value=\"193\">Wielka Brytania<\/option>\r\n<option value=\"186\">Urugwaj<\/option>\r\n<option value=\"187\">Uzbekistan<\/option>\r\n<option value=\"188\">Vanuatu<\/option>\r\n<option value=\"189\">Watykan<\/option>\r\n<option value=\"190\">Wenezuela<\/option>\r\n<option value=\"194\">Wietnam<\/option>\r\n<option value=\"71\">Jemen<\/option>\r\n<option value=\"146\">Zambia<\/option>\r\n<option value=\"156\">Zimbabwe<\/option>\r\n<\/select><\/td>\r\n<\/tr>\r\n<!-- CAPTCHA itself -->\r\n<tr>\r\n<td><\/td>\r\n<td><img src=\"https:\/\/login.eurotext.de\/captcha\" \/><\/td>\r\n<\/tr>\r\n<!-- CAPTCHA itself --><!-- CAPTCHA input field -->\r\n<tr>\r\n<td>Captcha:<\/td>\r\n<td><input name=\"captchanewresource\" type=\"text\" \/><\/td>\r\n<\/tr>\r\n<!-- CAPTCHA input field -->\r\n<tr>\r\n<td colspan=\"2\">* Pole obowi\u0105zkowe<\/td>\r\n<\/tr>\r\n<tr>\r\n<td colspan=\"2\"><input type=\"submit\" value=\"submit\" \/><\/td>\r\n<\/tr>\r\n<\/tbody>\r\n<\/table>\r\n<input name=\"nextsite_success\" type=\"hidden\" value=\"http:\/\/www.eurotext.jobs\/registrierung-erfolgreich\/\" \/>\r\n<input name=\"nextsite_error\" type=\"hidden\" value=\"http:\/\/www.eurotext.jobs\/fehler\/\" \/>\r\n<!-- \/\/ BEGIN CAPTCHA \/\/-------------------- \/\/ the following code is only necessary, if you activate captcha for automatically customer registration and \/\/ entered values should filled into the input fields after a captcha error. -->\r\n<input name=\"nextsite_error_captcha\" type=\"hidden\" value=\"https:\/\/login.eurotext.de\/pagesUTF8\/templatenewresource.html\" \/>\r\n<script type=\"text\/javascript\"><br \/>\r\n    <!--<br \/>\r\n        HTTP_GET_VARS = new Array();<br \/>\r\n        strGET = document.location.search.substr(1,document.location.search.length);<br \/>\r\n        if(strGET != '')<br \/>\r\n        {<br \/>\r\n            gArr = strGET.split('&');<br \/>\r\n            for( i=0; i<gArr.length; ++i) { v=''; vArr=gArr[i].split('='); if(vArr.length>1)<br \/>\r\n                {<br \/>\r\n                    v=vArr[1];<br \/>\r\n                }<br \/>\r\n                HTTP_GET_VARS[unescape(vArr[0])]=unescape(v);<br \/>\r\n            }<br \/>\r\n        }<br \/>\r\n        \/\/----------------------------------------------------------------------<br \/>\r\n        function GET(v)<br \/>\r\n        {<br \/>\r\n            if(!HTTP_GET_VARS[v])<br \/>\r\n            {<br \/>\r\n                return '';<br \/>\r\n            }<br \/>\r\n            return HTTP_GET_VARS[v];<br \/>\r\n        }<\/p>\r\n<p>\r\n<\/p>\r\n<p>\r\n<\/p>\r\n<p>\r\n<\/p>\r\n<p>\r\n<\/p>\r\n<p>\r\n<\/p>\r\n<p>\r\n<\/p>\r\n<p>\r\n<\/p>\r\n<p>\r\n<\/p>\r\n<p>\r\n<\/p>\r\n<p>\r\n<\/p>\r\n<p>\r\n<\/p>\r\n<p>\r\n<\/p>\r\n<p>\r\n<\/p>\r\n<p>\r\n<\/p>\r\n<p>\r\n<\/p>\r\n<p><\/script>\r\n<!-- \/\/ END CAPTCHA -->\r\n\r\n<\/form><br \/>\n<b>Informacje dot. ochrony danych osobowych<\/b><br \/>\nWype\u0142niaj\u0105c formularz, zgadzaj\u0105 si\u0119 Pa\u0144stwo z warunkami poni\u017cszej umowy:<\/p>\n<p>\u201eWyra\u017cam zgod\u0119 na przekazanie moich danych osobowych firmie Eurotext AG w celu nawi\u0105zania kontaktu i realizacji zlecenia. To o\u015bwiadczenie o wyra\u017ceniu zgody jest dobrowolne i mo\u017cna je wycofa\u0107 w ka\u017cdej chwili, a ponadto mo\u017cna za\u017c\u0105da\u0107 usuni\u0119cia pobranych danych. Przekazywanie stronom trzecim jest wykluczone\u201d.<\/p>\n<p>Wi\u0119cej informacji mo\u017cna znale\u017a\u0107 tutaj: <a href=\"https:\/\/eurotext.jobs\/pl\/ochrona-danych\/\">https:\/\/eurotext.jobs\/pl\/ochrona-danych\/<\/a><\/p>\n<p>W ka\u017cdej chwili mo\u017cna wys\u0142a\u0107 pro\u015bb\u0119 o\u00a0usuni\u0119cie swoich danych osobowych na adres <a href=\"mailto:vendors@eurotext.de\">vendors@eurotext.de<\/a>.<\/p>\n<\/div><div class='clear_column'><\/div><\/div><div class='clear_column'><\/div>\n","protected":false},"excerpt":{"rendered":"","protected":false},"author":5,"featured_media":0,"parent":0,"menu_order":20,"comment_status":"closed","ping_status":"closed","template":"full-width-page.php","meta":{"footnotes":""},"class_list":["post-61","page","type-page","status-publish","hentry"],"yoast_head":"<!-- This site is optimized with the Yoast SEO Premium plugin v21.9 (Yoast SEO v21.9.1) - https:\/\/yoast.com\/wordpress\/plugins\/seo\/ -->\n<title>Aplikuj teraz! \u2013 Eurotext AG<\/title>\n<meta name=\"description\" content=\"W tym miejscu mo\u017cesz bez zobowi\u0105za\u0144 zarejestrowa\u0107 si\u0119 w bazie danych t\u0142umaczy Eurotext i ubiega\u0107 si\u0119 o zlecenia t\u0142umaczeniowe.\" \/>\n<meta name=\"robots\" content=\"index, follow, max-snippet:-1, max-image-preview:large, max-video-preview:-1\" \/>\n<link rel=\"canonical\" href=\"https:\/\/eurotext.jobs\/pl\/aplikuj-teraz\/\" \/>\n<meta property=\"og:locale\" content=\"de_DE\" \/>\n<meta property=\"og:type\" content=\"article\" \/>\n<meta property=\"og:title\" content=\"Aplikuj teraz!\" \/>\n<meta property=\"og:url\" content=\"https:\/\/eurotext.jobs\/pl\/aplikuj-teraz\/\" \/>\n<meta property=\"og:site_name\" content=\"Eurotext AG\" \/>\n<meta property=\"article:publisher\" content=\"https:\/\/www.facebook.com\/Eurotext\/\" \/>\n<meta property=\"article:modified_time\" content=\"2022-01-13T09:18:23+00:00\" \/>\n<meta property=\"og:image\" content=\"https:\/\/login.eurotext.de\/captcha\" \/>\n<meta name=\"twitter:card\" content=\"summary_large_image\" \/>\n<meta name=\"twitter:site\" content=\"@Eurotext\" \/>\n<meta name=\"twitter:label1\" content=\"Gesch\u00e4tzte Lesezeit\" \/>\n\t<meta name=\"twitter:data1\" content=\"2\u00a0Minuten\" \/>\n<script type=\"application\/ld+json\" class=\"yoast-schema-graph\">{\"@context\":\"https:\/\/schema.org\",\"@graph\":[{\"@type\":\"WebPage\",\"@id\":\"https:\/\/eurotext.jobs\/pl\/aplikuj-teraz\/\",\"url\":\"https:\/\/eurotext.jobs\/pl\/aplikuj-teraz\/\",\"name\":\"Aplikuj teraz! \u2013 Eurotext AG\",\"isPartOf\":{\"@id\":\"https:\/\/eurotext.jobs\/pl\/#website\"},\"datePublished\":\"2014-11-18T09:52:38+00:00\",\"dateModified\":\"2022-01-13T09:18:23+00:00\",\"description\":\"W tym miejscu mo\u017cesz bez zobowi\u0105za\u0144 zarejestrowa\u0107 si\u0119 w bazie danych t\u0142umaczy Eurotext i ubiega\u0107 si\u0119 o zlecenia t\u0142umaczeniowe.\",\"breadcrumb\":{\"@id\":\"https:\/\/eurotext.jobs\/pl\/aplikuj-teraz\/#breadcrumb\"},\"inLanguage\":\"de\",\"potentialAction\":[{\"@type\":\"ReadAction\",\"target\":[\"https:\/\/eurotext.jobs\/pl\/aplikuj-teraz\/\"]}]},{\"@type\":\"BreadcrumbList\",\"@id\":\"https:\/\/eurotext.jobs\/pl\/aplikuj-teraz\/#breadcrumb\",\"itemListElement\":[{\"@type\":\"ListItem\",\"position\":1,\"name\":\"Startseite\",\"item\":\"https:\/\/eurotext.jobs\/pl\/\"},{\"@type\":\"ListItem\",\"position\":2,\"name\":\"Aplikuj teraz!\"}]},{\"@type\":\"WebSite\",\"@id\":\"https:\/\/eurotext.jobs\/pl\/#website\",\"url\":\"https:\/\/eurotext.jobs\/pl\/\",\"name\":\"Eurotext AG\",\"description\":\"Poszukujemy profesjonalnych t?umaczy oraz student\u00f3w do t?umacze?\",\"potentialAction\":[{\"@type\":\"SearchAction\",\"target\":{\"@type\":\"EntryPoint\",\"urlTemplate\":\"https:\/\/eurotext.jobs\/pl\/?s={search_term_string}\"},\"query-input\":\"required name=search_term_string\"}],\"inLanguage\":\"de\"}]}<\/script>\n<!-- \/ Yoast SEO Premium plugin. -->","yoast_head_json":{"title":"Aplikuj teraz! \u2013 Eurotext AG","description":"W tym miejscu mo\u017cesz bez zobowi\u0105za\u0144 zarejestrowa\u0107 si\u0119 w bazie danych t\u0142umaczy Eurotext i ubiega\u0107 si\u0119 o zlecenia t\u0142umaczeniowe.","robots":{"index":"index","follow":"follow","max-snippet":"max-snippet:-1","max-image-preview":"max-image-preview:large","max-video-preview":"max-video-preview:-1"},"canonical":"https:\/\/eurotext.jobs\/pl\/aplikuj-teraz\/","og_locale":"de_DE","og_type":"article","og_title":"Aplikuj teraz!","og_url":"https:\/\/eurotext.jobs\/pl\/aplikuj-teraz\/","og_site_name":"Eurotext AG","article_publisher":"https:\/\/www.facebook.com\/Eurotext\/","article_modified_time":"2022-01-13T09:18:23+00:00","og_image":[{"url":"https:\/\/login.eurotext.de\/captcha"}],"twitter_card":"summary_large_image","twitter_site":"@Eurotext","twitter_misc":{"Gesch\u00e4tzte Lesezeit":"2\u00a0Minuten"},"schema":{"@context":"https:\/\/schema.org","@graph":[{"@type":"WebPage","@id":"https:\/\/eurotext.jobs\/pl\/aplikuj-teraz\/","url":"https:\/\/eurotext.jobs\/pl\/aplikuj-teraz\/","name":"Aplikuj teraz! \u2013 Eurotext AG","isPartOf":{"@id":"https:\/\/eurotext.jobs\/pl\/#website"},"datePublished":"2014-11-18T09:52:38+00:00","dateModified":"2022-01-13T09:18:23+00:00","description":"W tym miejscu mo\u017cesz bez zobowi\u0105za\u0144 zarejestrowa\u0107 si\u0119 w bazie danych t\u0142umaczy Eurotext i ubiega\u0107 si\u0119 o zlecenia t\u0142umaczeniowe.","breadcrumb":{"@id":"https:\/\/eurotext.jobs\/pl\/aplikuj-teraz\/#breadcrumb"},"inLanguage":"de","potentialAction":[{"@type":"ReadAction","target":["https:\/\/eurotext.jobs\/pl\/aplikuj-teraz\/"]}]},{"@type":"BreadcrumbList","@id":"https:\/\/eurotext.jobs\/pl\/aplikuj-teraz\/#breadcrumb","itemListElement":[{"@type":"ListItem","position":1,"name":"Startseite","item":"https:\/\/eurotext.jobs\/pl\/"},{"@type":"ListItem","position":2,"name":"Aplikuj teraz!"}]},{"@type":"WebSite","@id":"https:\/\/eurotext.jobs\/pl\/#website","url":"https:\/\/eurotext.jobs\/pl\/","name":"Eurotext AG","description":"Poszukujemy profesjonalnych t?umaczy oraz student\u00f3w do t?umacze?","potentialAction":[{"@type":"SearchAction","target":{"@type":"EntryPoint","urlTemplate":"https:\/\/eurotext.jobs\/pl\/?s={search_term_string}"},"query-input":"required name=search_term_string"}],"inLanguage":"de"}]}},"_links":{"self":[{"href":"https:\/\/eurotext.jobs\/pl\/wp-json\/wp\/v2\/pages\/61","targetHints":{"allow":["GET"]}}],"collection":[{"href":"https:\/\/eurotext.jobs\/pl\/wp-json\/wp\/v2\/pages"}],"about":[{"href":"https:\/\/eurotext.jobs\/pl\/wp-json\/wp\/v2\/types\/page"}],"author":[{"embeddable":true,"href":"https:\/\/eurotext.jobs\/pl\/wp-json\/wp\/v2\/users\/5"}],"replies":[{"embeddable":true,"href":"https:\/\/eurotext.jobs\/pl\/wp-json\/wp\/v2\/comments?post=61"}],"version-history":[{"count":53,"href":"https:\/\/eurotext.jobs\/pl\/wp-json\/wp\/v2\/pages\/61\/revisions"}],"predecessor-version":[{"id":1305,"href":"https:\/\/eurotext.jobs\/pl\/wp-json\/wp\/v2\/pages\/61\/revisions\/1305"}],"wp:attachment":[{"href":"https:\/\/eurotext.jobs\/pl\/wp-json\/wp\/v2\/media?parent=61"}],"curies":[{"name":"wp","href":"https:\/\/api.w.org\/{rel}","templated":true}]}}