{"id":1303,"date":"2022-01-13T10:17:51","date_gmt":"2022-01-13T09:17:51","guid":{"rendered":"https:\/\/eurotext.jobs\/pl\/?page_id=1303"},"modified":"2022-01-13T10:17:51","modified_gmt":"2022-01-13T09:17:51","slug":"aplikacja-spontaniczna","status":"publish","type":"page","link":"https:\/\/eurotext.jobs\/pl\/aplikacja-spontaniczna\/","title":{"rendered":"Aplikacja spontaniczna"},"content":{"rendered":"<div class=\"parallax-container\" data-parallax=\"scroll\" data-bleed=\"10\" data-image-src=\"https:\/\/eurotext.jobs\/wp-content\/uploads\/sites\/5\/2021\/04\/Banner_Wuerzburg_01_g1.jpg\"> <div class=\"parallax-window\"> <div class=\"parallax-slider parallax-banner__content\" style=\"\"><h1 class='parallax-banner__headline hasBgColor' style=\"background-color:#000;box-shadow: 0 0 0 0.45em #000;\">Aplikacja spontaniczna<\/h1><p class=\"parallax-banner__text\"><\/p><\/div> <\/div> <\/div>\n<div class='content-column content-column-row '><\/p>\n<div class='content-column full_width'>\n<p>&nbsp;<\/p>\n<p>Zawsze cieszymy si\u0119 z <strong>aplikacji spontanicznych <\/strong>dotycz\u0105cych pracy w r\u00f3\u017cnych obszarach: <strong>zarz\u0105dzania projektami<\/strong>, <strong>t\u0142umaczenia<\/strong>, <strong>Eurotext academy<\/strong>, <strong>kreatywnego pisania<\/strong>, a tak\u017ce z zapyta\u0144 dotycz\u0105cych <strong>sta\u017cy<\/strong>.<\/p>\n<p>Jako firma patrz\u0105ca w przysz\u0142o\u015b\u0107 i stale trzymaj\u0105ca r\u0119k\u0119 na pulsie, jeste\u015bmy zawsze otwarci na nowe pomys\u0142y, kt\u00f3re mog\u0105 uzupe\u0142ni\u0107 nasz zesp\u00f3\u0142.<\/p>\n<p>Prze\u015blij swoje dokumenty aplikacyjne w\u00a0formacie PDF na adres\u00a0<a title=\"bewerbung@eurotext.de\" href=\"mailto:bewerbung@eurotext.de\">bewerbung@eurotext.de<\/a><\/p>\n<\/div><div class='clear_column'><\/div><\/div><div class='clear_column'><\/div>\n<p>&nbsp;<\/p>\n<p>&nbsp;<\/p>\n","protected":false},"excerpt":{"rendered":"<p>&nbsp; &nbsp;<\/p>\n","protected":false},"author":5,"featured_media":0,"parent":0,"menu_order":0,"comment_status":"closed","ping_status":"closed","template":"full-width-page.php","meta":{"footnotes":""},"class_list":["post-1303","page","type-page","status-publish","hentry"],"yoast_head":"<!-- This site is optimized with the Yoast SEO Premium plugin v21.9 (Yoast SEO v21.9.1) - https:\/\/yoast.com\/wordpress\/plugins\/seo\/ -->\n<title>Aplikacja spontaniczna &#187; Eurotext AG<\/title>\n<meta name=\"robots\" content=\"index, follow, max-snippet:-1, max-image-preview:large, max-video-preview:-1\" \/>\n<link rel=\"canonical\" href=\"https:\/\/eurotext.jobs\/pl\/aplikacja-spontaniczna\/\" \/>\n<meta property=\"og:locale\" content=\"de_DE\" \/>\n<meta property=\"og:type\" content=\"article\" \/>\n<meta property=\"og:title\" content=\"Aplikacja spontaniczna\" \/>\n<meta property=\"og:description\" content=\"&nbsp;  &nbsp;\" \/>\n<meta property=\"og:url\" content=\"https:\/\/eurotext.jobs\/pl\/aplikacja-spontaniczna\/\" \/>\n<meta property=\"og:site_name\" content=\"Eurotext AG\" \/>\n<meta property=\"article:publisher\" content=\"https:\/\/www.facebook.com\/Eurotext\/\" \/>\n<meta name=\"twitter:card\" content=\"summary_large_image\" \/>\n<meta name=\"twitter:site\" content=\"@Eurotext\" \/>\n<meta name=\"twitter:label1\" content=\"Gesch\u00e4tzte Lesezeit\" \/>\n\t<meta name=\"twitter:data1\" content=\"1\u00a0Minute\" \/>\n<script type=\"application\/ld+json\" class=\"yoast-schema-graph\">{\"@context\":\"https:\/\/schema.org\",\"@graph\":[{\"@type\":\"WebPage\",\"@id\":\"https:\/\/eurotext.jobs\/pl\/aplikacja-spontaniczna\/\",\"url\":\"https:\/\/eurotext.jobs\/pl\/aplikacja-spontaniczna\/\",\"name\":\"Aplikacja spontaniczna &#187; Eurotext AG\",\"isPartOf\":{\"@id\":\"https:\/\/eurotext.jobs\/pl\/#website\"},\"datePublished\":\"2022-01-13T09:17:51+00:00\",\"dateModified\":\"2022-01-13T09:17:51+00:00\",\"breadcrumb\":{\"@id\":\"https:\/\/eurotext.jobs\/pl\/aplikacja-spontaniczna\/#breadcrumb\"},\"inLanguage\":\"de\",\"potentialAction\":[{\"@type\":\"ReadAction\",\"target\":[\"https:\/\/eurotext.jobs\/pl\/aplikacja-spontaniczna\/\"]}]},{\"@type\":\"BreadcrumbList\",\"@id\":\"https:\/\/eurotext.jobs\/pl\/aplikacja-spontaniczna\/#breadcrumb\",\"itemListElement\":[{\"@type\":\"ListItem\",\"position\":1,\"name\":\"Startseite\",\"item\":\"https:\/\/eurotext.jobs\/pl\/\"},{\"@type\":\"ListItem\",\"position\":2,\"name\":\"Aplikacja spontaniczna\"}]},{\"@type\":\"WebSite\",\"@id\":\"https:\/\/eurotext.jobs\/pl\/#website\",\"url\":\"https:\/\/eurotext.jobs\/pl\/\",\"name\":\"Eurotext AG\",\"description\":\"Poszukujemy profesjonalnych t?umaczy oraz student\u00f3w do t?umacze?\",\"potentialAction\":[{\"@type\":\"SearchAction\",\"target\":{\"@type\":\"EntryPoint\",\"urlTemplate\":\"https:\/\/eurotext.jobs\/pl\/?s={search_term_string}\"},\"query-input\":\"required name=search_term_string\"}],\"inLanguage\":\"de\"}]}<\/script>\n<!-- \/ Yoast SEO Premium plugin. -->","yoast_head_json":{"title":"Aplikacja spontaniczna &#187; Eurotext AG","robots":{"index":"index","follow":"follow","max-snippet":"max-snippet:-1","max-image-preview":"max-image-preview:large","max-video-preview":"max-video-preview:-1"},"canonical":"https:\/\/eurotext.jobs\/pl\/aplikacja-spontaniczna\/","og_locale":"de_DE","og_type":"article","og_title":"Aplikacja spontaniczna","og_description":"&nbsp;  &nbsp;","og_url":"https:\/\/eurotext.jobs\/pl\/aplikacja-spontaniczna\/","og_site_name":"Eurotext AG","article_publisher":"https:\/\/www.facebook.com\/Eurotext\/","twitter_card":"summary_large_image","twitter_site":"@Eurotext","twitter_misc":{"Gesch\u00e4tzte Lesezeit":"1\u00a0Minute"},"schema":{"@context":"https:\/\/schema.org","@graph":[{"@type":"WebPage","@id":"https:\/\/eurotext.jobs\/pl\/aplikacja-spontaniczna\/","url":"https:\/\/eurotext.jobs\/pl\/aplikacja-spontaniczna\/","name":"Aplikacja spontaniczna &#187; Eurotext AG","isPartOf":{"@id":"https:\/\/eurotext.jobs\/pl\/#website"},"datePublished":"2022-01-13T09:17:51+00:00","dateModified":"2022-01-13T09:17:51+00:00","breadcrumb":{"@id":"https:\/\/eurotext.jobs\/pl\/aplikacja-spontaniczna\/#breadcrumb"},"inLanguage":"de","potentialAction":[{"@type":"ReadAction","target":["https:\/\/eurotext.jobs\/pl\/aplikacja-spontaniczna\/"]}]},{"@type":"BreadcrumbList","@id":"https:\/\/eurotext.jobs\/pl\/aplikacja-spontaniczna\/#breadcrumb","itemListElement":[{"@type":"ListItem","position":1,"name":"Startseite","item":"https:\/\/eurotext.jobs\/pl\/"},{"@type":"ListItem","position":2,"name":"Aplikacja spontaniczna"}]},{"@type":"WebSite","@id":"https:\/\/eurotext.jobs\/pl\/#website","url":"https:\/\/eurotext.jobs\/pl\/","name":"Eurotext AG","description":"Poszukujemy profesjonalnych t?umaczy oraz student\u00f3w do t?umacze?","potentialAction":[{"@type":"SearchAction","target":{"@type":"EntryPoint","urlTemplate":"https:\/\/eurotext.jobs\/pl\/?s={search_term_string}"},"query-input":"required name=search_term_string"}],"inLanguage":"de"}]}},"_links":{"self":[{"href":"https:\/\/eurotext.jobs\/pl\/wp-json\/wp\/v2\/pages\/1303","targetHints":{"allow":["GET"]}}],"collection":[{"href":"https:\/\/eurotext.jobs\/pl\/wp-json\/wp\/v2\/pages"}],"about":[{"href":"https:\/\/eurotext.jobs\/pl\/wp-json\/wp\/v2\/types\/page"}],"author":[{"embeddable":true,"href":"https:\/\/eurotext.jobs\/pl\/wp-json\/wp\/v2\/users\/5"}],"replies":[{"embeddable":true,"href":"https:\/\/eurotext.jobs\/pl\/wp-json\/wp\/v2\/comments?post=1303"}],"version-history":[{"count":1,"href":"https:\/\/eurotext.jobs\/pl\/wp-json\/wp\/v2\/pages\/1303\/revisions"}],"predecessor-version":[{"id":1304,"href":"https:\/\/eurotext.jobs\/pl\/wp-json\/wp\/v2\/pages\/1303\/revisions\/1304"}],"wp:attachment":[{"href":"https:\/\/eurotext.jobs\/pl\/wp-json\/wp\/v2\/media?parent=1303"}],"curies":[{"name":"wp","href":"https:\/\/api.w.org\/{rel}","templated":true}]}}