{"id":12,"date":"2014-11-17T10:23:51","date_gmt":"2014-11-17T09:23:51","guid":{"rendered":"http:\/\/www.traummaschinen.de\/?page_id=12"},"modified":"2025-09-22T12:18:11","modified_gmt":"2025-09-22T10:18:11","slug":"kontakt","status":"publish","type":"page","link":"https:\/\/eurotext.jobs\/pl\/kontakt\/","title":{"rendered":"Kontakt"},"content":{"rendered":"<div class=\"content-section\">\n                        <div class=\"layout-wrapper\">\n                            <div class=\"grid no\"><div class=\"col-1-2 content-section__contactInfos\"><img loading=\"lazy\" decoding=\"async\" class=\"alignnone size-full wp-image-46\" src=\"https:\/\/eurotext.de\/wp-content\/uploads\/2016\/05\/eurotext_logo.png\" alt=\"Logo\" width=\"125\" height=\"22\" \/><br \/>\nEurotext Aktiengesellschaft<br \/>\nSch\u00fcrerstra\u00dfe\u00a05b<br \/>\n97080 W\u00fcrzburg<br \/>\nNiemcy<\/p>\n<p>Telefon: <a href=\"tel:+49931354050\">+49 (0)931 35 40 50<\/a><br \/>\nTelefaks: +49 (0)931 35 40 580<br \/>\nE-mail: <a href=\"mailto:info@eurotext.de\">info@eurotext.de<\/a><br \/>\nStrona internetowa: <a href=\"http:\/\/www.eurotext.de\">www.eurotext.de<\/a><\/p>\n<h2>Informacje dot. ochrony danych osobowych<\/h2>\n<p>Wype\u0142niaj\u0105c formularz, zgadzaj\u0105 si\u0119 Pa\u0144stwo z warunkami poni\u017cszej umowy:<\/p>\n<p>\u201eWyra\u017cam zgod\u0119 na przekazanie moich danych osobowych firmie Eurotext AG w celu nawi\u0105zania kontaktu i realizacji zlecenia. To o\u015bwiadczenie o wyra\u017ceniu zgody jest dobrowolne i mo\u017cna je wycofa\u0107 w ka\u017cdej chwili, a ponadto mo\u017cna za\u017c\u0105da\u0107 usuni\u0119cia pobranych danych. Przekazywanie stronom trzecim jest wykluczone\u201d.<\/p>\n<p>Wi\u0119cej informacji mo\u017cna znale\u017a\u0107 tutaj: <a href=\"https:\/\/eurotext.jobs\/pl\/ochrona-danych\/\">https:\/\/eurotext.jobs\/pl\/ochrona-danych\/<\/a><\/p>\n<p><\/div><br \/>\n<div class=\"col-1-2 content-section__contactForm\"><h2 class=\"content-section__contactFormHeadline\">Kontaktformular<\/h2>\n<div class=\"wpcf7 no-js\" id=\"wpcf7-f121-o1\" lang=\"de-DE\" dir=\"ltr\">\n<div class=\"screen-reader-response\"><p role=\"status\" aria-live=\"polite\" aria-atomic=\"true\"><\/p> <ul><\/ul><\/div>\n<form action=\"\/pl\/wp-json\/wp\/v2\/pages\/12#wpcf7-f121-o1\" method=\"post\" class=\"wpcf7-form init\" aria-label=\"Kontaktformular\" novalidate=\"novalidate\" data-status=\"init\">\n<div style=\"display: none;\">\n<input type=\"hidden\" name=\"_wpcf7\" value=\"121\" \/>\n<input type=\"hidden\" name=\"_wpcf7_version\" value=\"5.9.8\" \/>\n<input type=\"hidden\" name=\"_wpcf7_locale\" value=\"de_DE\" \/>\n<input type=\"hidden\" name=\"_wpcf7_unit_tag\" value=\"wpcf7-f121-o1\" \/>\n<input type=\"hidden\" name=\"_wpcf7_container_post\" value=\"0\" \/>\n<input type=\"hidden\" name=\"_wpcf7_posted_data_hash\" value=\"\" \/>\n<\/div>\n<p><br \/>\n<label>Imi\u0119 (pole obowi\u0105zkowe)<\/label>\n<\/p>\n<p><span class=\"wpcf7-form-control-wrap\" data-name=\"your-forename\"><input size=\"40\" maxlength=\"400\" class=\"wpcf7-form-control wpcf7-text wpcf7-validates-as-required required\" aria-required=\"true\" aria-invalid=\"false\" placeholder=\"Imi\u0119\" value=\"\" type=\"text\" name=\"your-forename\" \/><\/span>\n<\/p>\n<p><br \/>\n<label>Nazwisko (pole obowi\u0105zkowe)<\/label>\n<\/p>\n<p><span class=\"wpcf7-form-control-wrap\" data-name=\"your-surname\"><input size=\"40\" maxlength=\"400\" class=\"wpcf7-form-control wpcf7-text wpcf7-validates-as-required required\" aria-required=\"true\" aria-invalid=\"false\" placeholder=\"Nazwisko\" value=\"\" type=\"text\" name=\"your-surname\" \/><\/span>\n<\/p>\n<p><br \/>\n<label>Adres e-mail (pole obowi\u0105zkowe)<\/label>\n<\/p>\n<p><span class=\"wpcf7-form-control-wrap\" data-name=\"your-email\"><input size=\"40\" maxlength=\"400\" class=\"wpcf7-form-control wpcf7-email wpcf7-validates-as-required wpcf7-text wpcf7-validates-as-email required\" aria-required=\"true\" aria-invalid=\"false\" placeholder=\"Adres e-mail\" value=\"\" type=\"email\" name=\"your-email\" \/><\/span>\n<\/p>\n<p><br \/>\n<label>Telefon<\/label>\n<\/p>\n<p><span class=\"wpcf7-form-control-wrap\" data-name=\"your-phone\"><input size=\"40\" maxlength=\"400\" class=\"wpcf7-form-control wpcf7-text\" aria-invalid=\"false\" placeholder=\"Telefon\" value=\"\" type=\"text\" name=\"your-phone\" \/><\/span>\n<\/p>\n<p><br \/>\n<label>Temat<\/label>\n<\/p>\n<p><span class=\"wpcf7-form-control-wrap\" data-name=\"your-subject\"><input size=\"40\" maxlength=\"400\" class=\"wpcf7-form-control wpcf7-text\" aria-invalid=\"false\" placeholder=\"Temat\" value=\"\" type=\"text\" name=\"your-subject\" \/><\/span>\n<\/p>\n<p><br \/>\n<label>Wiadomo\u015b\u0107 (pole obowi\u0105zkowe)<\/label>\n<\/p>\n<p><span class=\"wpcf7-form-control-wrap\" data-name=\"your-message\"><textarea cols=\"40\" rows=\"10\" maxlength=\"2000\" class=\"wpcf7-form-control wpcf7-textarea wpcf7-validates-as-required required\" aria-required=\"true\" aria-invalid=\"false\" placeholder=\"Wiadomo\u015b\u0107 (pole obowi\u0105zkowe)\" name=\"your-message\"><\/textarea><\/span>\n<\/p>\n<p><input class=\"wpcf7-form-control wpcf7-submit has-spinner\" type=\"submit\" value=\"Wy\u015blij\" \/>\n<\/p><div class=\"wpcf7-response-output\" aria-hidden=\"true\"><\/div>\n<\/form>\n<\/div>\n<\/div><br \/>\n<\/div>\n                        <\/div>\n                   <\/div>\n","protected":false},"excerpt":{"rendered":"","protected":false},"author":5,"featured_media":0,"parent":0,"menu_order":100,"comment_status":"closed","ping_status":"closed","template":"contact-page.php","meta":{"footnotes":""},"class_list":["post-12","page","type-page","status-publish","hentry"],"yoast_head":"<!-- This site is optimized with the Yoast SEO Premium plugin v21.9 (Yoast SEO v21.9.1) - https:\/\/yoast.com\/wordpress\/plugins\/seo\/ -->\n<title>Skontaktuj si\u0119 z nami \u2013 Eurotext AG<\/title>\n<meta name=\"description\" content=\"Zach\u0119camy do kontaktu z nami! Z przyjemno\u015bci\u0105 odpowiemy na wszelkie pytania. E-mail: info@eurotext.de \u2013 telefon: +49 (0)931 35 40 50\" \/>\n<meta name=\"robots\" content=\"index, follow, max-snippet:-1, max-image-preview:large, max-video-preview:-1\" \/>\n<link rel=\"canonical\" href=\"https:\/\/eurotext.jobs\/pl\/kontakt\/\" \/>\n<meta property=\"og:locale\" content=\"de_DE\" \/>\n<meta property=\"og:type\" content=\"article\" \/>\n<meta property=\"og:title\" content=\"Kontakt\" \/>\n<meta property=\"og:url\" content=\"https:\/\/eurotext.jobs\/pl\/kontakt\/\" \/>\n<meta property=\"og:site_name\" content=\"Eurotext AG\" \/>\n<meta property=\"article:publisher\" content=\"https:\/\/www.facebook.com\/Eurotext\/\" \/>\n<meta property=\"article:modified_time\" content=\"2025-09-22T10:18:11+00:00\" \/>\n<meta property=\"og:image\" content=\"https:\/\/eurotext.de\/wp-content\/uploads\/2016\/05\/eurotext_logo.png\" \/>\n<meta name=\"twitter:card\" content=\"summary_large_image\" \/>\n<meta name=\"twitter:site\" content=\"@Eurotext\" \/>\n<meta name=\"twitter:label1\" content=\"Gesch\u00e4tzte Lesezeit\" \/>\n\t<meta name=\"twitter:data1\" content=\"1\u00a0Minute\" \/>\n<script type=\"application\/ld+json\" class=\"yoast-schema-graph\">{\"@context\":\"https:\/\/schema.org\",\"@graph\":[{\"@type\":\"WebPage\",\"@id\":\"https:\/\/eurotext.jobs\/pl\/kontakt\/\",\"url\":\"https:\/\/eurotext.jobs\/pl\/kontakt\/\",\"name\":\"Skontaktuj si\u0119 z nami \u2013 Eurotext AG\",\"isPartOf\":{\"@id\":\"https:\/\/eurotext.jobs\/pl\/#website\"},\"datePublished\":\"2014-11-17T09:23:51+00:00\",\"dateModified\":\"2025-09-22T10:18:11+00:00\",\"description\":\"Zach\u0119camy do kontaktu z nami! Z przyjemno\u015bci\u0105 odpowiemy na wszelkie pytania. E-mail: info@eurotext.de \u2013 telefon: +49 (0)931 35 40 50\",\"breadcrumb\":{\"@id\":\"https:\/\/eurotext.jobs\/pl\/kontakt\/#breadcrumb\"},\"inLanguage\":\"de\",\"potentialAction\":[{\"@type\":\"ReadAction\",\"target\":[\"https:\/\/eurotext.jobs\/pl\/kontakt\/\"]}]},{\"@type\":\"BreadcrumbList\",\"@id\":\"https:\/\/eurotext.jobs\/pl\/kontakt\/#breadcrumb\",\"itemListElement\":[{\"@type\":\"ListItem\",\"position\":1,\"name\":\"Startseite\",\"item\":\"https:\/\/eurotext.jobs\/pl\/\"},{\"@type\":\"ListItem\",\"position\":2,\"name\":\"Kontakt\"}]},{\"@type\":\"WebSite\",\"@id\":\"https:\/\/eurotext.jobs\/pl\/#website\",\"url\":\"https:\/\/eurotext.jobs\/pl\/\",\"name\":\"Eurotext AG\",\"description\":\"Poszukujemy profesjonalnych t?umaczy oraz student\u00f3w do t?umacze?\",\"potentialAction\":[{\"@type\":\"SearchAction\",\"target\":{\"@type\":\"EntryPoint\",\"urlTemplate\":\"https:\/\/eurotext.jobs\/pl\/?s={search_term_string}\"},\"query-input\":\"required name=search_term_string\"}],\"inLanguage\":\"de\"}]}<\/script>\n<!-- \/ Yoast SEO Premium plugin. -->","yoast_head_json":{"title":"Skontaktuj si\u0119 z nami \u2013 Eurotext AG","description":"Zach\u0119camy do kontaktu z nami! Z przyjemno\u015bci\u0105 odpowiemy na wszelkie pytania. E-mail: info@eurotext.de \u2013 telefon: +49 (0)931 35 40 50","robots":{"index":"index","follow":"follow","max-snippet":"max-snippet:-1","max-image-preview":"max-image-preview:large","max-video-preview":"max-video-preview:-1"},"canonical":"https:\/\/eurotext.jobs\/pl\/kontakt\/","og_locale":"de_DE","og_type":"article","og_title":"Kontakt","og_url":"https:\/\/eurotext.jobs\/pl\/kontakt\/","og_site_name":"Eurotext AG","article_publisher":"https:\/\/www.facebook.com\/Eurotext\/","article_modified_time":"2025-09-22T10:18:11+00:00","og_image":[{"url":"https:\/\/eurotext.de\/wp-content\/uploads\/2016\/05\/eurotext_logo.png"}],"twitter_card":"summary_large_image","twitter_site":"@Eurotext","twitter_misc":{"Gesch\u00e4tzte Lesezeit":"1\u00a0Minute"},"schema":{"@context":"https:\/\/schema.org","@graph":[{"@type":"WebPage","@id":"https:\/\/eurotext.jobs\/pl\/kontakt\/","url":"https:\/\/eurotext.jobs\/pl\/kontakt\/","name":"Skontaktuj si\u0119 z nami \u2013 Eurotext AG","isPartOf":{"@id":"https:\/\/eurotext.jobs\/pl\/#website"},"datePublished":"2014-11-17T09:23:51+00:00","dateModified":"2025-09-22T10:18:11+00:00","description":"Zach\u0119camy do kontaktu z nami! Z przyjemno\u015bci\u0105 odpowiemy na wszelkie pytania. E-mail: info@eurotext.de \u2013 telefon: +49 (0)931 35 40 50","breadcrumb":{"@id":"https:\/\/eurotext.jobs\/pl\/kontakt\/#breadcrumb"},"inLanguage":"de","potentialAction":[{"@type":"ReadAction","target":["https:\/\/eurotext.jobs\/pl\/kontakt\/"]}]},{"@type":"BreadcrumbList","@id":"https:\/\/eurotext.jobs\/pl\/kontakt\/#breadcrumb","itemListElement":[{"@type":"ListItem","position":1,"name":"Startseite","item":"https:\/\/eurotext.jobs\/pl\/"},{"@type":"ListItem","position":2,"name":"Kontakt"}]},{"@type":"WebSite","@id":"https:\/\/eurotext.jobs\/pl\/#website","url":"https:\/\/eurotext.jobs\/pl\/","name":"Eurotext AG","description":"Poszukujemy profesjonalnych t?umaczy oraz student\u00f3w do t?umacze?","potentialAction":[{"@type":"SearchAction","target":{"@type":"EntryPoint","urlTemplate":"https:\/\/eurotext.jobs\/pl\/?s={search_term_string}"},"query-input":"required name=search_term_string"}],"inLanguage":"de"}]}},"_links":{"self":[{"href":"https:\/\/eurotext.jobs\/pl\/wp-json\/wp\/v2\/pages\/12","targetHints":{"allow":["GET"]}}],"collection":[{"href":"https:\/\/eurotext.jobs\/pl\/wp-json\/wp\/v2\/pages"}],"about":[{"href":"https:\/\/eurotext.jobs\/pl\/wp-json\/wp\/v2\/types\/page"}],"author":[{"embeddable":true,"href":"https:\/\/eurotext.jobs\/pl\/wp-json\/wp\/v2\/users\/5"}],"replies":[{"embeddable":true,"href":"https:\/\/eurotext.jobs\/pl\/wp-json\/wp\/v2\/comments?post=12"}],"version-history":[{"count":14,"href":"https:\/\/eurotext.jobs\/pl\/wp-json\/wp\/v2\/pages\/12\/revisions"}],"predecessor-version":[{"id":1332,"href":"https:\/\/eurotext.jobs\/pl\/wp-json\/wp\/v2\/pages\/12\/revisions\/1332"}],"wp:attachment":[{"href":"https:\/\/eurotext.jobs\/pl\/wp-json\/wp\/v2\/media?parent=12"}],"curies":[{"name":"wp","href":"https:\/\/api.w.org\/{rel}","templated":true}]}}